{"id":3573,"date":"2017-01-16T14:36:51","date_gmt":"2017-01-16T14:36:51","guid":{"rendered":"https:\/\/demo.qantumthemes.xyz\/onair2\/demo4\/blog-slideshow\/"},"modified":"2023-09-24T01:54:17","modified_gmt":"2023-09-24T01:54:17","slug":"blog-slideshow","status":"publish","type":"page","link":"https:\/\/radiolivreangola.com\/index.php\/blog-slideshow\/","title":{"rendered":"Blog com apresenta\u00e7\u00e3o de slides"},"content":{"rendered":"\t\t<div data-elementor-type=\"wp-page\" data-elementor-id=\"3573\" class=\"elementor elementor-3573\">\n\t\t\t\t\t\t<div class=\"elementor-inner\">\n\t\t\t\t<div class=\"elementor-section-wrap\">\n\t\t\t\t\t\t\t\t\t<section class=\"elementor-section elementor-top-section elementor-element elementor-element-629a5eb elementor-section-full_width elementor-section-height-default elementor-section-height-default\" data-id=\"629a5eb\" data-element_type=\"section\" data-settings=\"{&quot;background_background&quot;:&quot;classic&quot;}\">\n\t\t\t\t\t\t<div class=\"elementor-container elementor-column-gap-default\">\n\t\t\t\t\t\t\t<div class=\"elementor-row\">\n\t\t\t\t\t<div class=\"elementor-column elementor-col-100 elementor-top-column elementor-element elementor-element-ae31aca\" data-id=\"ae31aca\" data-element_type=\"column\">\n\t\t\t<div class=\"elementor-column-wrap elementor-element-populated\">\n\t\t\t\t\t\t\t<div class=\"elementor-widget-wrap\">\n\t\t\t\t\t\t<div class=\"elementor-element elementor-element-ea121a9 elementor-widget elementor-widget-onair-elementor-post-slider\" data-id=\"ea121a9\" data-element_type=\"widget\" data-widget_type=\"onair-elementor-post-slider.default\">\n\t\t\t\t<div class=\"elementor-widget-container\">\n\t\t\t\t\t\n\t\t<div class=\"qt-slickslider-container\">\n\t\t\t<div class=\"qt-slickslider qt-invisible qt-animated qt-slickslider-single qt-black-bg\" data-variablewidth=\"true\" data-arrows=\"true\" data-dots=\"true\" data-infinite=\"true\" data-centermode=\"true\" data-pauseonhover=\"true\" data-autoplay=\"true\" data-arrowsmobile=\"false\" data-centermodemobile=\"true\" data-dotsmobile=\"true\" data-variablewidthmobile=\"true\">\n\t\t\t\t\t\t\t\t\t<div class=\"qt-slick-opacity-fx qt-item\">\n\t\t\t\t\t\t<!-- POST HERO ITEM ========================= -->\n<div class=\"qt-part-archive-item qt-part-item-post-hero\">\n\t<div class=\"qt-item-header\">\n\t\t<div class=\"qt-header-top\">\n\t\t\t<div class=\"qt-feedback\">\n\t    \t\t0<i class=\"dripicons-heart\"><\/i>\t    \t<\/div>\n\t    <\/div>\n\t\t<div class=\"qt-header-mid qt-vc\">\n\t\t\t<div class=\"qt-vi\">\n\t\t\t\t<ul class=\"qt-tags\">\n\t\t\t\t\t<li>\n\t\t\t\t\t\t<a href=\"https:\/\/radiolivreangola.com\/index.php\/category\/nacional\/\" rel=\"category tag\">Nacional<\/a>\t\t\t\t\t<\/li>\n\t\t\t\t<\/ul>\n\t\t  \t\t<h2 class=\"qt-title\">\n\t\t\t\t\t<a href=\"https:\/\/radiolivreangola.com\/index.php\/2023\/11\/17\/vice-presidente-destaca-esforcos-do-executivo-para-a-melhoria-do-sns\/\" class=\"qt-text-shadow qt-ellipsis-2 qt-t\">\n\t\t\t\t\t\tVice-Presidente destaca esfor\u00e7os do Executivo para a melhoria do SNS\t\t\t\t\t<\/a>\n\t\t\t\t<\/h2>\n\t\t\t\t<div class=\"qt-the-content qt-spacer-s small hide-on-med-and-down \">\n\t\t\t\t\t<p class=\"qt-spacer-s qt-text-shadow small qt-ellipsis-2\">\n\t\t\t\t\tA Vice-Presidente da Rep\u00fablica, Esperan\u00e7a da Costa, destacou, esta quinta-feira, em Luanda, os esfor\u00e7os do Executivo para o aumento do acesso aos servi\u00e7os de sa\u00fade \u00e0s popula\u00e7\u00f5es. Esperan\u00e7a da Costa, que falava na abertura do \u201cEncontro de Reflex\u00e3o sobre Outubro Rosa, Novembro Azul\u201d, que decorre, sob o lema \u201cUnidos na Preven\u00e7\u00e3o contra o Cancro da [&hellip;]\t\t\t\t\t<\/p>\n\t\t\t\t\t<p><a href=\"https:\/\/radiolivreangola.com\/index.php\/2023\/11\/17\/vice-presidente-destaca-esforcos-do-executivo-para-a-melhoria-do-sns\/\" class=\"qt-btn qt-btn-l qt-btn-primary \"><i class=\"dripicons-align-justify\"><\/i><\/a><\/p>\n\t\t\t\t<\/div>\n\t\t\t<\/div>\n\t\t<\/div>\n\t\t\t        <div class=\"qt-header-bg\" data-bgimage=\"https:\/\/radiolivreangola.com\/wp-content\/uploads\/2023\/11\/sm_1695983524.131323-1024x657.jpg\">\n\t            <img fetchpriority=\"high\" decoding=\"async\" width=\"1024\" height=\"657\" src=\"https:\/\/radiolivreangola.com\/wp-content\/uploads\/2023\/11\/sm_1695983524.131323-1024x657.jpg\" class=\"img-responsive activator wp-post-image\" alt=\"\" srcset=\"https:\/\/radiolivreangola.com\/wp-content\/uploads\/2023\/11\/sm_1695983524.131323-1024x657.jpg 1024w, https:\/\/radiolivreangola.com\/wp-content\/uploads\/2023\/11\/sm_1695983524.131323-300x192.jpg 300w, https:\/\/radiolivreangola.com\/wp-content\/uploads\/2023\/11\/sm_1695983524.131323-768x493.jpg 768w, https:\/\/radiolivreangola.com\/wp-content\/uploads\/2023\/11\/sm_1695983524.131323-1536x985.jpg 1536w, https:\/\/radiolivreangola.com\/wp-content\/uploads\/2023\/11\/sm_1695983524.131323-18x12.jpg 18w, https:\/\/radiolivreangola.com\/wp-content\/uploads\/2023\/11\/sm_1695983524.131323.jpg 1734w\" sizes=\"(max-width: 1024px) 100vw, 1024px\" \/>\t        <\/div>\n     \t\t<\/div>\n<\/div>\n<!-- POST HERO ITEM END ========================= -->\n\t\t\t\t\t<\/div>\n\t\t\t\t\t\t\t\t\t\t<div class=\"qt-slick-opacity-fx qt-item\">\n\t\t\t\t\t\t<!-- POST HERO ITEM ========================= -->\n<div class=\"qt-part-archive-item qt-part-item-post-hero\">\n\t<div class=\"qt-item-header\">\n\t\t<div class=\"qt-header-top\">\n\t\t\t<div class=\"qt-feedback\">\n\t    \t\t0<i class=\"dripicons-heart\"><\/i>\t    \t<\/div>\n\t    <\/div>\n\t\t<div class=\"qt-header-mid qt-vc\">\n\t\t\t<div class=\"qt-vi\">\n\t\t\t\t<ul class=\"qt-tags\">\n\t\t\t\t\t<li>\n\t\t\t\t\t\t<a href=\"https:\/\/radiolivreangola.com\/index.php\/category\/nacional\/\" rel=\"category tag\">Nacional<\/a>\t\t\t\t\t<\/li>\n\t\t\t\t<\/ul>\n\t\t  \t\t<h2 class=\"qt-title\">\n\t\t\t\t\t<a href=\"https:\/\/radiolivreangola.com\/index.php\/2023\/11\/17\/primeira-dama-na-serra-leoa-em-actividade-sobre-exploracao-infantil\/\" class=\"qt-text-shadow qt-ellipsis-2 qt-t\">\n\t\t\t\t\t\tPrimeira-Dama na Serra Leoa em actividade sobre explora\u00e7\u00e3o infantil\t\t\t\t\t<\/a>\n\t\t\t\t<\/h2>\n\t\t\t\t<div class=\"qt-the-content qt-spacer-s small hide-on-med-and-down \">\n\t\t\t\t\t<p class=\"qt-spacer-s qt-text-shadow small qt-ellipsis-2\">\n\t\t\t\t\tA Primeira-Dama da Rep\u00fablica, Ana Dias Louren\u00e7o, participa s\u00e1bado, em\u00a0 Freetown (Serra Leoa), nas comemora\u00e7\u00f5es do primeiro anivers\u00e1rio do Dia Mundial das Na\u00e7\u00f5es Unidas para a Preven\u00e7\u00e3o e Cura das Crian\u00e7as, V\u00edtimas de Explora\u00e7\u00e3o, Abuso e Viol\u00eancia Sexual. A Primeira-Dama angolana, cuja visita \u00e0 Serra Leoa ter\u00e1 a dura\u00e7\u00e3o de tr\u00eas dias, \u00a0deixou Luanda na [&hellip;]\t\t\t\t\t<\/p>\n\t\t\t\t\t<p><a href=\"https:\/\/radiolivreangola.com\/index.php\/2023\/11\/17\/primeira-dama-na-serra-leoa-em-actividade-sobre-exploracao-infantil\/\" class=\"qt-btn qt-btn-l qt-btn-primary \"><i class=\"dripicons-align-justify\"><\/i><\/a><\/p>\n\t\t\t\t<\/div>\n\t\t\t<\/div>\n\t\t<\/div>\n\t\t\t        <div class=\"qt-header-bg\" data-bgimage=\"https:\/\/radiolivreangola.com\/wp-content\/uploads\/2023\/11\/ng1081744.jpg\">\n\t            <img decoding=\"async\" width=\"734\" height=\"489\" src=\"https:\/\/radiolivreangola.com\/wp-content\/uploads\/2023\/11\/ng1081744.jpg\" class=\"img-responsive activator wp-post-image\" alt=\"\" srcset=\"https:\/\/radiolivreangola.com\/wp-content\/uploads\/2023\/11\/ng1081744.jpg 734w, https:\/\/radiolivreangola.com\/wp-content\/uploads\/2023\/11\/ng1081744-300x200.jpg 300w, https:\/\/radiolivreangola.com\/wp-content\/uploads\/2023\/11\/ng1081744-18x12.jpg 18w\" sizes=\"(max-width: 734px) 100vw, 734px\" \/>\t        <\/div>\n     \t\t<\/div>\n<\/div>\n<!-- POST HERO ITEM END ========================= -->\n\t\t\t\t\t<\/div>\n\t\t\t\t\t\t\t\t\t\t<div class=\"qt-slick-opacity-fx qt-item\">\n\t\t\t\t\t\t<!-- POST HERO ITEM ========================= -->\n<div class=\"qt-part-archive-item qt-part-item-post-hero\">\n\t<div class=\"qt-item-header\">\n\t\t<div class=\"qt-header-top\">\n\t\t\t<div class=\"qt-feedback\">\n\t    \t\t0<i class=\"dripicons-heart\"><\/i>\t    \t<\/div>\n\t    <\/div>\n\t\t<div class=\"qt-header-mid qt-vc\">\n\t\t\t<div class=\"qt-vi\">\n\t\t\t\t<ul class=\"qt-tags\">\n\t\t\t\t\t<li>\n\t\t\t\t\t\t<a href=\"https:\/\/radiolivreangola.com\/index.php\/category\/nacional\/\" rel=\"category tag\">Nacional<\/a>\t\t\t\t\t<\/li>\n\t\t\t\t<\/ul>\n\t\t  \t\t<h2 class=\"qt-title\">\n\t\t\t\t\t<a href=\"https:\/\/radiolivreangola.com\/index.php\/2023\/11\/17\/angola-acolhe-i-congresso-internacional-do-direito-da-familia\/\" class=\"qt-text-shadow qt-ellipsis-2 qt-t\">\n\t\t\t\t\t\tAngola acolhe I Congresso internacional do Direito da Fam\u00edlia\t\t\t\t\t<\/a>\n\t\t\t\t<\/h2>\n\t\t\t\t<div class=\"qt-the-content qt-spacer-s small hide-on-med-and-down \">\n\t\t\t\t\t<p class=\"qt-spacer-s qt-text-shadow small qt-ellipsis-2\">\n\t\t\t\t\tA capital angolana acolhe, desde esta quinta-feira, o I Congresso Internacional do Direito da Fam\u00edlia em Angola, numa promo\u00e7\u00e3o do N\u00facleo Angolano do Instituto Brasileiro do Direito da Fam\u00edlia. O evento, que conta com a participa\u00e7\u00e3o de mais de 270 congressistas, 18 prelectores, entre nacionais e brasileiros, e oito moderadores, visa promover a discuss\u00e3o em [&hellip;]\t\t\t\t\t<\/p>\n\t\t\t\t\t<p><a href=\"https:\/\/radiolivreangola.com\/index.php\/2023\/11\/17\/angola-acolhe-i-congresso-internacional-do-direito-da-familia\/\" class=\"qt-btn qt-btn-l qt-btn-primary \"><i class=\"dripicons-align-justify\"><\/i><\/a><\/p>\n\t\t\t\t<\/div>\n\t\t\t<\/div>\n\t\t<\/div>\n\t\t\t        <div class=\"qt-header-bg\" data-bgimage=\"https:\/\/radiolivreangola.com\/wp-content\/uploads\/2023\/11\/jh-1024x683.jpg\">\n\t            <img decoding=\"async\" width=\"1024\" height=\"683\" src=\"https:\/\/radiolivreangola.com\/wp-content\/uploads\/2023\/11\/jh-1024x683.jpg\" class=\"img-responsive activator wp-post-image\" alt=\"\" srcset=\"https:\/\/radiolivreangola.com\/wp-content\/uploads\/2023\/11\/jh-1024x683.jpg 1024w, https:\/\/radiolivreangola.com\/wp-content\/uploads\/2023\/11\/jh-300x200.jpg 300w, https:\/\/radiolivreangola.com\/wp-content\/uploads\/2023\/11\/jh-768x512.jpg 768w, https:\/\/radiolivreangola.com\/wp-content\/uploads\/2023\/11\/jh-18x12.jpg 18w, https:\/\/radiolivreangola.com\/wp-content\/uploads\/2023\/11\/jh.jpg 1200w\" sizes=\"(max-width: 1024px) 100vw, 1024px\" \/>\t        <\/div>\n     \t\t<\/div>\n<\/div>\n<!-- POST HERO ITEM END ========================= -->\n\t\t\t\t\t<\/div>\n\t\t\t\t\t\t\t\t\t\t<div class=\"qt-slick-opacity-fx qt-item\">\n\t\t\t\t\t\t<!-- POST HERO ITEM ========================= -->\n<div class=\"qt-part-archive-item qt-part-item-post-hero\">\n\t<div class=\"qt-item-header\">\n\t\t<div class=\"qt-header-top\">\n\t\t\t<div class=\"qt-feedback\">\n\t    \t\t0<i class=\"dripicons-heart\"><\/i>\t    \t<\/div>\n\t    <\/div>\n\t\t<div class=\"qt-header-mid qt-vc\">\n\t\t\t<div class=\"qt-vi\">\n\t\t\t\t<ul class=\"qt-tags\">\n\t\t\t\t\t<li>\n\t\t\t\t\t\t<a href=\"https:\/\/radiolivreangola.com\/index.php\/category\/world\/\" rel=\"category tag\">Mundo<\/a>\t\t\t\t\t<\/li>\n\t\t\t\t<\/ul>\n\t\t  \t\t<h2 class=\"qt-title\">\n\t\t\t\t\t<a href=\"https:\/\/radiolivreangola.com\/index.php\/2023\/11\/17\/xi-jinping-pede-em-sao-francisco-que-eua-nao-interfiram-em-seus-assuntos-internos\/\" class=\"qt-text-shadow qt-ellipsis-2 qt-t\">\n\t\t\t\t\t\tXi Jinping pede em S\u00e3o Francisco que EUA \u201cn\u00e3o interfiram\u201d em seus assuntos internos\t\t\t\t\t<\/a>\n\t\t\t\t<\/h2>\n\t\t\t\t<div class=\"qt-the-content qt-spacer-s small hide-on-med-and-down \">\n\t\t\t\t\t<p class=\"qt-spacer-s qt-text-shadow small qt-ellipsis-2\">\n\t\t\t\t\tO presidente da China, Xi Jinping, pediu aos Estados Unidos para \u201cn\u00e3o apostarem contra a China\u201d ou \u201cinterferirem em seus assuntos internos\u201d, durante um jantar com empres\u00e1rios americanos em S\u00e3o Francisco, onde estiveram presentes, entre outros, Elon Musk, da Tesla, e Tim Cook, da Apple. &nbsp; &nbsp; &nbsp; Xi participou do jantar depois de se [&hellip;]\t\t\t\t\t<\/p>\n\t\t\t\t\t<p><a href=\"https:\/\/radiolivreangola.com\/index.php\/2023\/11\/17\/xi-jinping-pede-em-sao-francisco-que-eua-nao-interfiram-em-seus-assuntos-internos\/\" class=\"qt-btn qt-btn-l qt-btn-primary \"><i class=\"dripicons-align-justify\"><\/i><\/a><\/p>\n\t\t\t\t<\/div>\n\t\t\t<\/div>\n\t\t<\/div>\n\t\t\t        <div class=\"qt-header-bg\" data-bgimage=\"https:\/\/radiolivreangola.com\/wp-content\/uploads\/2023\/11\/biden-and-Xi-1024x576.jpg\">\n\t            <img loading=\"lazy\" decoding=\"async\" width=\"1024\" height=\"576\" src=\"https:\/\/radiolivreangola.com\/wp-content\/uploads\/2023\/11\/biden-and-Xi-1024x576.jpg\" class=\"img-responsive activator wp-post-image\" alt=\"\" srcset=\"https:\/\/radiolivreangola.com\/wp-content\/uploads\/2023\/11\/biden-and-Xi-1024x576.jpg 1024w, https:\/\/radiolivreangola.com\/wp-content\/uploads\/2023\/11\/biden-and-Xi-300x169.jpg 300w, https:\/\/radiolivreangola.com\/wp-content\/uploads\/2023\/11\/biden-and-Xi-768x432.jpg 768w, https:\/\/radiolivreangola.com\/wp-content\/uploads\/2023\/11\/biden-and-Xi-1536x864.jpg 1536w, https:\/\/radiolivreangola.com\/wp-content\/uploads\/2023\/11\/biden-and-Xi-18x10.jpg 18w, https:\/\/radiolivreangola.com\/wp-content\/uploads\/2023\/11\/biden-and-Xi.jpg 2017w\" sizes=\"(max-width: 1024px) 100vw, 1024px\" \/>\t        <\/div>\n     \t\t<\/div>\n<\/div>\n<!-- POST HERO ITEM END ========================= -->\n\t\t\t\t\t<\/div>\n\t\t\t\t\t\t\t\t\t\t<div class=\"qt-slick-opacity-fx qt-item\">\n\t\t\t\t\t\t<!-- POST HERO ITEM ========================= -->\n<div class=\"qt-part-archive-item qt-part-item-post-hero\">\n\t<div class=\"qt-item-header\">\n\t\t<div class=\"qt-header-top\">\n\t\t\t<div class=\"qt-feedback\">\n\t    \t\t0<i class=\"dripicons-heart\"><\/i>\t    \t<\/div>\n\t    <\/div>\n\t\t<div class=\"qt-header-mid qt-vc\">\n\t\t\t<div class=\"qt-vi\">\n\t\t\t\t<ul class=\"qt-tags\">\n\t\t\t\t\t<li>\n\t\t\t\t\t\t<a href=\"https:\/\/radiolivreangola.com\/index.php\/category\/world\/\" rel=\"category tag\">Mundo<\/a>\t\t\t\t\t<\/li>\n\t\t\t\t<\/ul>\n\t\t  \t\t<h2 class=\"qt-title\">\n\t\t\t\t\t<a href=\"https:\/\/radiolivreangola.com\/index.php\/2023\/11\/16\/justica-espanhola-decide-julgar-daniel-alves-pelo-crime-de-agressao-sexual\/\" class=\"qt-text-shadow qt-ellipsis-2 qt-t\">\n\t\t\t\t\t\tJusti\u00e7a espanhola decide julgar Daniel Alves pelo crime de agress\u00e3o sexual\t\t\t\t\t<\/a>\n\t\t\t\t<\/h2>\n\t\t\t\t<div class=\"qt-the-content qt-spacer-s small hide-on-med-and-down \">\n\t\t\t\t\t<p class=\"qt-spacer-s qt-text-shadow small qt-ellipsis-2\">\n\t\t\t\t\tO Tribunal de Barcelona decidiu nesta ter\u00e7a-feira julgar Daniel Alves pelo crime de agress\u00e3o sexual, no \u00e2mbito do caso em que \u00e9 acusado de violentar uma jovem em uma cabine reservada de uma discoteca dessa cidade espanhola \u200b\u200bem dezembro do ano passado. Em um despacho, o tribunal confirma a acusa\u00e7\u00e3o do ex-jogador do Barcelona e [&hellip;]\t\t\t\t\t<\/p>\n\t\t\t\t\t<p><a href=\"https:\/\/radiolivreangola.com\/index.php\/2023\/11\/16\/justica-espanhola-decide-julgar-daniel-alves-pelo-crime-de-agressao-sexual\/\" class=\"qt-btn qt-btn-l qt-btn-primary \"><i class=\"dripicons-align-justify\"><\/i><\/a><\/p>\n\t\t\t\t<\/div>\n\t\t\t<\/div>\n\t\t<\/div>\n\t\t\t        <div class=\"qt-header-bg\" data-bgimage=\"https:\/\/radiolivreangola.com\/wp-content\/uploads\/2023\/11\/daniel-alves.jpg\">\n\t            <img loading=\"lazy\" decoding=\"async\" width=\"1024\" height=\"682\" src=\"https:\/\/radiolivreangola.com\/wp-content\/uploads\/2023\/11\/daniel-alves.jpg\" class=\"img-responsive activator wp-post-image\" alt=\"\" srcset=\"https:\/\/radiolivreangola.com\/wp-content\/uploads\/2023\/11\/daniel-alves.jpg 1024w, https:\/\/radiolivreangola.com\/wp-content\/uploads\/2023\/11\/daniel-alves-300x200.jpg 300w, https:\/\/radiolivreangola.com\/wp-content\/uploads\/2023\/11\/daniel-alves-768x512.jpg 768w, https:\/\/radiolivreangola.com\/wp-content\/uploads\/2023\/11\/daniel-alves-18x12.jpg 18w\" sizes=\"(max-width: 1024px) 100vw, 1024px\" \/>\t        <\/div>\n     \t\t<\/div>\n<\/div>\n<!-- POST HERO ITEM END ========================= -->\n\t\t\t\t\t<\/div>\n\t\t\t\t\t\t\t\t<\/div>\n\t\t<\/div>\n\t\t\t\t<\/div>\n\t\t\t\t<\/div>\n\t\t\t\t\t\t<\/div>\n\t\t\t\t\t<\/div>\n\t\t<\/div>\n\t\t\t\t\t\t\t\t<\/div>\n\t\t\t\t\t<\/div>\n\t\t<\/section>\n\t\t\t\t\t\t\t\t\t<\/div>\n\t\t\t<\/div>\n\t\t\t\t\t<\/div>\n\t\t","protected":false},"excerpt":{"rendered":"<p>0 Blog Mali, N\u00edger e Burkina Faso assinam pacto de seguran\u00e7a no Sahel A junta militar do Mali, N\u00edger e Burkina Faso, assinaram, s\u00e1bado, um pacto de seguran\u00e7a na regi\u00e3o do Sahel, prometendo ajudar um ao outro em caso de qualquer rebeli\u00e3o ou agress\u00e3o externa. O L\u00edder da Junta militar do Mali, anunciou na sua [&hellip;]<\/p>\n","protected":false},"author":1,"featured_media":4727,"parent":0,"menu_order":0,"comment_status":"open","ping_status":"closed","template":"archive-grid.php","meta":{"footnotes":""},"_links":{"self":[{"href":"https:\/\/radiolivreangola.com\/index.php\/wp-json\/wp\/v2\/pages\/3573"}],"collection":[{"href":"https:\/\/radiolivreangola.com\/index.php\/wp-json\/wp\/v2\/pages"}],"about":[{"href":"https:\/\/radiolivreangola.com\/index.php\/wp-json\/wp\/v2\/types\/page"}],"author":[{"embeddable":true,"href":"https:\/\/radiolivreangola.com\/index.php\/wp-json\/wp\/v2\/users\/1"}],"replies":[{"embeddable":true,"href":"https:\/\/radiolivreangola.com\/index.php\/wp-json\/wp\/v2\/comments?post=3573"}],"version-history":[{"count":14,"href":"https:\/\/radiolivreangola.com\/index.php\/wp-json\/wp\/v2\/pages\/3573\/revisions"}],"predecessor-version":[{"id":4926,"href":"https:\/\/radiolivreangola.com\/index.php\/wp-json\/wp\/v2\/pages\/3573\/revisions\/4926"}],"wp:featuredmedia":[{"embeddable":true,"href":"https:\/\/radiolivreangola.com\/index.php\/wp-json\/wp\/v2\/media\/4727"}],"wp:attachment":[{"href":"https:\/\/radiolivreangola.com\/index.php\/wp-json\/wp\/v2\/media?parent=3573"}],"curies":[{"name":"wp","href":"https:\/\/api.w.org\/{rel}","templated":true}]}}