{"id":4549,"date":"2023-09-06T22:44:43","date_gmt":"2023-09-06T22:44:43","guid":{"rendered":"https:\/\/radiolivreangola.com\/?page_id=4549"},"modified":"2023-09-24T03:08:00","modified_gmt":"2023-09-24T03:08:00","slug":"politica-de-pricidade","status":"publish","type":"page","link":"https:\/\/radiolivreangola.com\/index.php\/politica-de-pricidade\/","title":{"rendered":"Pol\u00edtica de Privacidade"},"content":{"rendered":"<div class=\"iub_header\">\n<h2>Pol\u00edtica de Privacidade do servi\u00e7o www.radiolivreangola.com<\/h2>\n<p>Este Site recolhe alguns Dados Pessoais dos Usu\u00e1rios.<\/p>\n<\/div>\n<h2 id=\"purposes_data\">Os Dados Pessoais s\u00e3o processados para os seguintes prop\u00f3sitos e usando os seguintes servi\u00e7os:<\/h2>\n<div class=\"iconed policyicon_purpose_16\">\n<ul>\n<li style=\"text-align: left;\"><strong>Acesso a contas de servi\u00e7os de terceiros<\/strong><\/li>\n<\/ul>\n<ul class=\"unstyled\" style=\"text-align: left;\">\n<li>\n<h3>Acesso \u00e0 conta Facebook<\/h3>\n<p>Permiss\u00e3o: Acesso a dados privados; Acesso da lista de amigos; Anivers\u00e1rio; Faixa et\u00e1ria; Sobre a minha pessoa<\/li>\n<li>\n<h3>Acesso \u00e0 conta Twitter<\/h3>\n<p>Dados Pessoais: nome; Todos Dados que partilha durante o uso do servi\u00e7o<\/li>\n<\/ul>\n<\/div>\n<ul>\n<li style=\"list-style-type: none;\">\n<ul class=\"for_boxes\">\n<li style=\"text-align: left;\">\n<div class=\"iconed policyicon_purpose_68\">\n<h3>Coleta de prefer\u00eancias de privacidade<\/h3>\n<ul class=\"unstyled\">\n<li>\n<h3>Cookie Solution da iubenda<\/h3>\n<p>Dados Pessoais: Rastreadores<\/li>\n<\/ul>\n<\/div>\n<\/li>\n<li style=\"text-align: left;\">\n<div class=\"iconed policyicon_purpose_13\">\n<h3>Coment\u00e1rio de conte\u00fado<\/h3>\n<ul class=\"unstyled\">\n<li>\n<h3>Facebook Comments<\/h3>\n<p>Dados Pessoais: Dados de uso; Rastreadores<\/li>\n<li>\n<h3>Sistema de Coment\u00e1rio gerido diretamente<\/h3>\n<p>Dados Pessoais: Dados de uso; nome; nome de Usu\u00e1rio; sobrenome<\/li>\n<\/ul>\n<\/div>\n<\/li>\n<li style=\"text-align: left;\">\n<div class=\"iconed policyicon_purpose_10\">\n<h3>Contatar o Usu\u00e1rio<\/h3>\n<ul class=\"unstyled\">\n<li>\n<h3>Formul\u00e1rio de contato e Lista de endere\u00e7amento ou boletim informativo<\/h3>\n<p>Dados Pessoais: e-mail; nome<\/li>\n<\/ul>\n<\/div>\n<\/li>\n<li style=\"text-align: left;\">\n<div class=\"iconed policyicon_purpose_5\">\n<h3>Estat\u00edsticas<\/h3>\n<ul class=\"unstyled\">\n<li>\n<h3>Google Analytics, Google Analytics 4 e Rastreamento de convers\u00f5es do Twitter Ads<\/h3>\n<p>Dados Pessoais: Dados de uso; Rastreadores<\/li>\n<\/ul>\n<\/div>\n<\/li>\n<li style=\"text-align: left;\">\n<div class=\"iconed policyicon_purpose_48\">\n<h3>Gerenciamento de tags<\/h3>\n<ul class=\"unstyled\">\n<li>\n<h3>Google Tag Manager<\/h3>\n<p>Dados Pessoais: Dados de uso; Rastreadores<\/li>\n<\/ul>\n<\/div>\n<\/li>\n<li style=\"text-align: left;\">\n<div class=\"iconed policyicon_purpose_26\">\n<h3>Intera\u00e7\u00e3o com redes sociais e plataformas externas<\/h3>\n<ul class=\"unstyled\">\n<li>\n<h3>O bot\u00e3o e widgets sociais do Twitter<\/h3>\n<p>Dados Pessoais: Dados de uso; Rastreadores<\/li>\n<li>\n<h3>O bot\u00e3o e widgets sociais do YouTube<\/h3>\n<p>Dados Pessoais: Dados de uso<\/li>\n<\/ul>\n<\/div>\n<\/li>\n<li style=\"text-align: left;\">\n<div class=\"iconed policyicon_purpose_30\">\n<h3>Monitoramento de infraestrutura<\/h3>\n<ul class=\"unstyled\">\n<li>\n<h3>Firebase Performance Monitoring<\/h3>\n<p>Dados Pessoais: v\u00e1rios tipos de Dados como especificados na pol\u00edtica de privacidade do servi\u00e7o<\/li>\n<\/ul>\n<\/div>\n<\/li>\n<li style=\"text-align: left;\">\n<div class=\"iconed policyicon_purpose_7\">\n<h3>Publicidade<\/h3>\n<ul class=\"unstyled\">\n<li>\n<h3>Google Ad Manager, Google AdSense e LiveIntent<\/h3>\n<p>Dados Pessoais: Dados de uso; Rastreadores<\/li>\n<\/ul>\n<\/div>\n<\/li>\n<li style=\"text-align: left;\">\n<div class=\"iconed policyicon_purpose_9\">\n<h3>Registro e autentica\u00e7\u00e3o<\/h3>\n<ul class=\"unstyled\">\n<li>\n<h3>Facebook Authentication<\/h3>\n<p>Dados Pessoais: Rastreadores; v\u00e1rios tipos de Dados como especificados na pol\u00edtica de privacidade do servi\u00e7o<\/li>\n<li>\n<h3>Google OAuth e Instagram Authentication<\/h3>\n<p>Dados Pessoais: v\u00e1rios tipos de Dados como especificados na pol\u00edtica de privacidade do servi\u00e7o<\/li>\n<li>\n<h3>Iniciar sess\u00e3o com a Apple<\/h3>\n<p>Dados Pessoais: ID do Usu\u00e1rio<\/li>\n<\/ul>\n<\/div>\n<\/li>\n<li style=\"text-align: left;\">\n<div class=\"iconed policyicon_purpose_64\">\n<h3>Registro e autentica\u00e7\u00e3o fornecidos diretamente por este Site<\/h3>\n<ul class=\"unstyled\">\n<li>\n<h3>Registro direto<\/h3>\n<p>Dados Pessoais: e-mail; nome; senha<\/li>\n<\/ul>\n<\/div>\n<\/li>\n<li style=\"text-align: left;\">\n<div class=\"iconed policyicon_purpose_49\">\n<h3>Transfer\u00eancia de dados para fora da UE<\/h3>\n<ul class=\"unstyled\">\n<li>\n<h3>Transfer\u00eancia de dados para o estrangeiro baseada em autoriza\u00e7\u00e3o<\/h3>\n<p>Dados Pessoais: v\u00e1rios tipos de Dados<\/li>\n<\/ul>\n<\/div>\n<\/li>\n<li style=\"text-align: left;\">\n<div class=\"iconed policyicon_purpose_67\">\n<h3>Transfer\u00eancia de dados para fora de Angola<\/h3>\n<ul class=\"unstyled\">\n<li>\n<h3>Transfer\u00eancia de dados para o estrangeiro baseada em autoriza\u00e7\u00e3o (Angola)<\/h3>\n<p>Dados Pessoais: v\u00e1rios tipos de Dados<\/li>\n<\/ul>\n<\/div>\n<\/li>\n<li>\n<div class=\"iconed policyicon_purpose_25\">\n<h3 style=\"text-align: left;\">Visualizar conte\u00fado de plataformas externas<\/h3>\n<ul class=\"unstyled\">\n<li>\n<h3 style=\"text-align: left;\">Google Programmable Search Engine com AdSense e Instagram widget<\/h3>\n<p style=\"text-align: left;\">Dados Pessoais: Dados de uso; Rastreadores<\/p>\n<\/li>\n<\/ul>\n<\/div>\n<\/li>\n<\/ul>\n<\/li>\n<\/ul>\n<h2 id=\"opt_out\">Informa\u00e7\u00f5es sobre como optar por n\u00e3o receber an\u00fancios com base em interesses<\/h2>\n<p>Al\u00e9m do recurso de cancelamento (\u201copt-out\u201d) disponibilizado pelos servi\u00e7os listados neste documento, os Usu\u00e1rios poder\u00e3o saber mais sobre como optar de forma geral por n\u00e3o receber an\u00fancios com base em interesses, dentro da se\u00e7\u00e3o espec\u00edfica da Pol\u00edtica de Cookies.<\/p>\n<h2 id=\"further_data\">Informa\u00e7\u00f5es adicionais sobre o processamento de Dados Pessoais<\/h2>\n<ul class=\"for_boxes cf\">\n<li class=\"one_line_col wide\" style=\"list-style-type: none;\">\n<ul class=\"for_boxes\">\n<li>\n<div class=\"iconed icon_general\">\n<h3>Cookies de prefer\u00eancia<\/h3>\n<p>Cookies de prefer\u00eancia armazena as prefer\u00eancias de Usu\u00e1rios detectadas neste servi\u00e7o (este Site) no dom\u00ednio legal como, por exemplo, seu fuso hor\u00e1rio e regi\u00e3o.<\/p>\n<\/div>\n<\/li>\n<li>\n<div class=\"iconed icon_general\">\n<h3>Notifica\u00e7\u00f5es push<\/h3>\n<p>Este Site poder\u00e1 enviar notifica\u00e7\u00f5es de push ao usu\u00e1rio a fim de alcan\u00e7ar os objetivos descritos nesta pol\u00edtica de privacidade.<\/p>\n<p>Na maioria dos casos, os Usu\u00e1rios poder\u00e3o optar por n\u00e3o receber notifica\u00e7\u00f5es de push, entrando nas configura\u00e7\u00f5es de seu dispositivo, como configura\u00e7\u00f5es de notifica\u00e7\u00e3o em telefones celulares, e ent\u00e3o alterar as configura\u00e7\u00f5es relativas a este Site ou a todos os aplicativos no dispositivo espec\u00edfico.<br \/>\nOs Usu\u00e1rios dever\u00e3o estar cientes de que desabilitar notifica\u00e7\u00f5es de push pode prejudicar a utilidade deste servi\u00e7o (este Site).<\/p>\n<\/div>\n<\/li>\n<li>\n<div class=\"iconed icon_general\">\n<h3>O Servi\u00e7o n\u00e3o \u00e9 direcionado para crian\u00e7as menores de 13 anos.<\/h3>\n<p>Os usu\u00e1rios declaram que s\u00e3o maiores de idade de acordo com a legisla\u00e7\u00e3o aplic\u00e1vel. Os menores podem usar este Site apenas com a assist\u00eancia de um dos pais ou respons\u00e1vel. Sob nenhuma circunst\u00e2ncia as pessoas com menos de 13 anos podem utilizar este Site.<\/p>\n<\/div>\n<\/li>\n<\/ul>\n<\/li>\n<\/ul>\n<h2 id=\"contact_information\">Informa\u00e7\u00e3o de contato<\/h2>\n<ul class=\"for_boxes cf\">\n<li class=\"one_line_col\" style=\"list-style-type: none;\">\n<ul class=\"for_boxes\">\n<li>\n<div class=\"iconed icon_owner\">\n<h3>Propriet\u00e1rio e Controlador de Dados<\/h3>\n<p>A empresa propriet\u00e1ria do projecto \u00e9 a Transmissiva- Presta\u00e7\u00e3o de Servi\u00e7os, com sede em: Rua 21 de Janeiro, Nosso Centro-Gamek, Morro Bento, Luanda, Angola, atribui uma grande import\u00e2ncia \u00e0 prote\u00e7\u00e3o da sua vida privada e dos seus dados pessoais.<\/p>\n<p>Para contatar-nos a respeito da prote\u00e7\u00e3o dos dados pessoais, voc\u00ea pode usar o <a href=\"https:\/\/transmissiva@gmail.com\/?modal=feedbackprivacy\" target=\"_blank\" rel=\"noopener\">formul\u00e1rio de contato no site<\/a>.<\/p>\n<p>Para as quest\u00f5es mais graves ligadas \u00e0 prote\u00e7\u00e3o dos dados pessoais, pode contatar diretamente o inspetor de prote\u00e7\u00e3o de dados:<\/p>\n<p>Apolin\u00e1rio Mona.<\/p>\n<p><strong>E-mail de contato do Propriet\u00e1rio:<\/strong> transmissiva@gmail.com<\/p>\n<\/div>\n<\/li>\n<\/ul>\n<\/li>\n<\/ul>\n","protected":false},"excerpt":{"rendered":"<p>Pol\u00edtica de Privacidade do servi\u00e7o www.radiolivreangola.com Este Site recolhe alguns Dados Pessoais dos Usu\u00e1rios. Os Dados Pessoais s\u00e3o processados para os seguintes prop\u00f3sitos e usando os seguintes servi\u00e7os: Acesso a contas de servi\u00e7os de terceiros Acesso \u00e0 conta Facebook Permiss\u00e3o: Acesso a dados privados; Acesso da lista de amigos; Anivers\u00e1rio; Faixa et\u00e1ria; Sobre a minha [&hellip;]<\/p>\n","protected":false},"author":1,"featured_media":0,"parent":0,"menu_order":0,"comment_status":"closed","ping_status":"closed","template":"","meta":{"footnotes":""},"_links":{"self":[{"href":"https:\/\/radiolivreangola.com\/index.php\/wp-json\/wp\/v2\/pages\/4549"}],"collection":[{"href":"https:\/\/radiolivreangola.com\/index.php\/wp-json\/wp\/v2\/pages"}],"about":[{"href":"https:\/\/radiolivreangola.com\/index.php\/wp-json\/wp\/v2\/types\/page"}],"author":[{"embeddable":true,"href":"https:\/\/radiolivreangola.com\/index.php\/wp-json\/wp\/v2\/users\/1"}],"replies":[{"embeddable":true,"href":"https:\/\/radiolivreangola.com\/index.php\/wp-json\/wp\/v2\/comments?post=4549"}],"version-history":[{"count":5,"href":"https:\/\/radiolivreangola.com\/index.php\/wp-json\/wp\/v2\/pages\/4549\/revisions"}],"predecessor-version":[{"id":4941,"href":"https:\/\/radiolivreangola.com\/index.php\/wp-json\/wp\/v2\/pages\/4549\/revisions\/4941"}],"wp:attachment":[{"href":"https:\/\/radiolivreangola.com\/index.php\/wp-json\/wp\/v2\/media?parent=4549"}],"curies":[{"name":"wp","href":"https:\/\/api.w.org\/{rel}","templated":true}]}}