{"id":4550,"date":"2023-09-06T22:44:43","date_gmt":"2023-09-06T22:44:43","guid":{"rendered":"https:\/\/radiolivreangola.com\/?page_id=4550"},"modified":"2023-09-24T03:58:26","modified_gmt":"2023-09-24T03:58:26","slug":"politica-editorial","status":"publish","type":"page","link":"https:\/\/radiolivreangola.com\/index.php\/politica-editorial\/","title":{"rendered":"Pol\u00edtica Editorial"},"content":{"rendered":"<p>ESTATUTO EDITORIAL<\/p>\n<p>&nbsp;<\/p>\n<p>1) A R\u00e1dio Livre Angola \u00e9 uma esta\u00e7\u00e3o emissora de notici\u00e1rio e m\u00fasica e divulga\u00e7\u00e3o por entrevista dos acontecimentos ocorridos em Angola e no mundo.<\/p>\n<p>&nbsp;<\/p>\n<p>2) A R\u00e1dio emite 24 horas segundo os padr\u00f5es da legisla\u00e7\u00e3o em vigor com total respeito dos direitos constitucionais e da lei da R\u00e1dio e da comunica\u00e7\u00e3o social.<\/p>\n<p>&nbsp;<\/p>\n<p>3) A R\u00e1dio defende os valores nacionais na generalidade e de Angola particularmente com grande empenhamento na salvaguarda das tradi\u00e7\u00f5es alentejanas.<\/p>\n<p>&nbsp;<\/p>\n<p>4) A R\u00e1dio afirma-se muito empenhada na emiss\u00e3o de m\u00fasica angolana, africana e global e notici\u00e1rio angolano e global actualizados.<\/p>\n<p>&nbsp;<\/p>\n<ul>\n<li>Na base dos seus prop\u00f3sitos a R\u00e1dio Livre Angola procura respeitar todas as ideologias e cren\u00e7as.<\/li>\n<\/ul>\n","protected":false},"excerpt":{"rendered":"<p>ESTATUTO EDITORIAL &nbsp; 1) A R\u00e1dio Livre Angola \u00e9 uma esta\u00e7\u00e3o emissora de notici\u00e1rio e m\u00fasica e divulga\u00e7\u00e3o por entrevista dos acontecimentos ocorridos em Angola e no mundo. &nbsp; 2) A R\u00e1dio emite 24 horas segundo os padr\u00f5es da legisla\u00e7\u00e3o em vigor com total respeito dos direitos constitucionais e da lei da R\u00e1dio e da [&hellip;]<\/p>\n","protected":false},"author":1,"featured_media":0,"parent":0,"menu_order":0,"comment_status":"closed","ping_status":"closed","template":"","meta":{"footnotes":""},"_links":{"self":[{"href":"https:\/\/radiolivreangola.com\/index.php\/wp-json\/wp\/v2\/pages\/4550"}],"collection":[{"href":"https:\/\/radiolivreangola.com\/index.php\/wp-json\/wp\/v2\/pages"}],"about":[{"href":"https:\/\/radiolivreangola.com\/index.php\/wp-json\/wp\/v2\/types\/page"}],"author":[{"embeddable":true,"href":"https:\/\/radiolivreangola.com\/index.php\/wp-json\/wp\/v2\/users\/1"}],"replies":[{"embeddable":true,"href":"https:\/\/radiolivreangola.com\/index.php\/wp-json\/wp\/v2\/comments?post=4550"}],"version-history":[{"count":4,"href":"https:\/\/radiolivreangola.com\/index.php\/wp-json\/wp\/v2\/pages\/4550\/revisions"}],"predecessor-version":[{"id":4949,"href":"https:\/\/radiolivreangola.com\/index.php\/wp-json\/wp\/v2\/pages\/4550\/revisions\/4949"}],"wp:attachment":[{"href":"https:\/\/radiolivreangola.com\/index.php\/wp-json\/wp\/v2\/media?parent=4550"}],"curies":[{"name":"wp","href":"https:\/\/api.w.org\/{rel}","templated":true}]}}