{"id":4552,"date":"2023-09-06T22:44:43","date_gmt":"2023-09-06T22:44:43","guid":{"rendered":"https:\/\/radiolivreangola.com\/?page_id=4552"},"modified":"2023-09-24T03:33:09","modified_gmt":"2023-09-24T03:33:09","slug":"sobre-nos","status":"publish","type":"page","link":"https:\/\/radiolivreangola.com\/index.php\/sobre-nos\/","title":{"rendered":"Sobre N\u00f3s"},"content":{"rendered":"<div class=\"article__block\" data-type=\"text\">\n<div><\/div>\n<div class=\"article__text\"><strong>A R\u00e1dio Livre Angola<\/strong> \u00e9 uma plataforma de multimedia de entretinimento e informa\u00e7\u00e3o moderna, da Tv Livre Angola e os seus produtos incluem feeds de not\u00edcias, site, redes sociais e aplicativos m\u00f3veis, radiodifus\u00e3o e centros de imprensa multim\u00eddia.<\/div>\n<div><\/div>\n<\/div>\n<div class=\"article__block\" data-type=\"text\">\n<div><\/div>\n<div class=\"article__text\">A sede da R\u00e1dio se encontra em Luanda.<\/div>\n<div><\/div>\n<div><\/div>\n<\/div>\n<div class=\"article__block\" data-type=\"text\">\n<div class=\"article__text\">A R\u00e1dio relata not\u00edcias da pol\u00edtica e da economia mundial e est\u00e1 orientada para um audit\u00f3rio local e online. A marca de m\u00eddia da R\u00e1dio foi lan\u00e7ada no dia 10 de novembro de 2023 pela empresa de m\u00eddia e comunica\u00e7\u00e3o de Angola.<\/div>\n<div><\/div>\n<\/div>\n<div class=\"article__block\" data-type=\"text\">\n<div><\/div>\n<div class=\"article__text\">As emiss\u00f5es de r\u00e1dio s\u00e3o efetuadas em sites e usando formatos modernos, como FM, radiodifus\u00e3o sonora digital DAB\/DAB+ (Digital Audio Broadcasting), e atingem a quantidade total de mais de 800 horas por dia.<\/div>\n<div><\/div>\n<\/div>\n<div class=\"article__block\" data-type=\"text\">\n<div><\/div>\n<div class=\"article__text\">Os feeds de not\u00edcias da R\u00e1dio s\u00e3o em portugu\u00eas e est\u00e3o dispon\u00edveis 24 horas por dia. A r\u00e1dio tem seu pr\u00f3prio banco de fotos, a partir do qual publica \u00e1udios, fotos, v\u00eddeos e infogr\u00e1ficos.<\/div>\n<\/div>\n<div class=\"article__block\" data-type=\"text\">\n<div class=\"article__text\">Entre outros produtos da R\u00e1dio est\u00e3o as pesquisas de opini\u00e3o.<u> <\/u>Os antecessores da R\u00e1dio s\u00e3o a TV Livre Angola e The Angola Times.<\/div>\n<div><\/div>\n<div><\/div>\n<\/div>\n<div class=\"article__block\" data-type=\"text\">\n<div class=\"article__text\"><strong>PUBLICIDADE:\u00a0<\/strong><\/div>\n<\/div>\n<div class=\"article__block\" data-type=\"text\">\n<div class=\"article__text\"><strong>SERVI\u00c7O DE IMPRENSA:\u00a0<\/strong><\/div>\n<\/div>\n<div class=\"article__block\" data-type=\"text\">\n<div class=\"article__text\"><strong>COOPERA\u00c7\u00c3O MIDI\u00c1TICA:<\/strong><\/div>\n<\/div>\n<div class=\"article__block\" data-type=\"text\">\n<div class=\"article__text\"><strong>DEPARTAMENTO DE MARKETING:\u00a0<\/strong><\/div>\n<\/div>\n<div class=\"article__block\" data-type=\"text\">\n<div class=\"article__text\">\u00a9 2023 Transmissiva- Presta\u00e7\u00e3o de Servi\u00e7os<\/div>\n<\/div>\n<div class=\"article__block\" data-type=\"text\">\n<div class=\"article__text\">E-mail da reda\u00e7\u00e3o: radiolivreangolareda\u00e7\u00e3o@gmail.com<\/div>\n<\/div>\n<div class=\"article__block\" data-type=\"text\">\n<div class=\"article__text\">Telefone:<\/div>\n<\/div>\n<div class=\"article__block\" data-type=\"text\">\n<div class=\"article__text\">Esta p\u00e1gina pode conter materiais aprovados somente para pessoas maiores de 18 anos.<\/div>\n<\/div>\n","protected":false},"excerpt":{"rendered":"<p>A R\u00e1dio Livre Angola \u00e9 uma plataforma de multimedia de entretinimento e informa\u00e7\u00e3o moderna, da Tv Livre Angola e os seus produtos incluem feeds de not\u00edcias, site, redes sociais e aplicativos m\u00f3veis, radiodifus\u00e3o e centros de imprensa multim\u00eddia. A sede da R\u00e1dio se encontra em Luanda. A R\u00e1dio relata not\u00edcias da pol\u00edtica e da economia [&hellip;]<\/p>\n","protected":false},"author":1,"featured_media":0,"parent":0,"menu_order":0,"comment_status":"closed","ping_status":"closed","template":"","meta":{"footnotes":""},"_links":{"self":[{"href":"https:\/\/radiolivreangola.com\/index.php\/wp-json\/wp\/v2\/pages\/4552"}],"collection":[{"href":"https:\/\/radiolivreangola.com\/index.php\/wp-json\/wp\/v2\/pages"}],"about":[{"href":"https:\/\/radiolivreangola.com\/index.php\/wp-json\/wp\/v2\/types\/page"}],"author":[{"embeddable":true,"href":"https:\/\/radiolivreangola.com\/index.php\/wp-json\/wp\/v2\/users\/1"}],"replies":[{"embeddable":true,"href":"https:\/\/radiolivreangola.com\/index.php\/wp-json\/wp\/v2\/comments?post=4552"}],"version-history":[{"count":6,"href":"https:\/\/radiolivreangola.com\/index.php\/wp-json\/wp\/v2\/pages\/4552\/revisions"}],"predecessor-version":[{"id":4946,"href":"https:\/\/radiolivreangola.com\/index.php\/wp-json\/wp\/v2\/pages\/4552\/revisions\/4946"}],"wp:attachment":[{"href":"https:\/\/radiolivreangola.com\/index.php\/wp-json\/wp\/v2\/media?parent=4552"}],"curies":[{"name":"wp","href":"https:\/\/api.w.org\/{rel}","templated":true}]}}